{"id":6025,"date":"2023-07-11T12:03:02","date_gmt":"2023-07-11T10:03:02","guid":{"rendered":"https:\/\/www.secondomona.com\/informativa-sui-cookie\/"},"modified":"2024-01-11T12:44:07","modified_gmt":"2024-01-11T11:44:07","slug":"informativa-sui-cookie","status":"publish","type":"page","link":"https:\/\/www.secondomona.com\/it\/informativa-sui-cookie\/","title":{"rendered":"Informativa sui Cookie"},"content":{"rendered":"<div id='av_section_1'  class='avia-section av-6hh8kk-96c34e4e080d54409007f224d0b6165e main_color avia-section-default avia-no-border-styling  avia-builder-el-0  avia-builder-el-no-sibling  avia-bg-style-scroll container_wrap sidebar_right'  ><div class='container av-section-cont-open' ><main  role=\"main\" itemprop=\"mainContentOfPage\"  class='template-page content  av-content-small alpha units'><div class='post-entry post-entry-type-page post-entry-6025'><div class='entry-content-wrapper clearfix'>\n<div  class='flex_column av-4bgdqs-fb242b3ec1d837cca3454013330f3e01 av_one_full  avia-builder-el-1  avia-builder-el-no-sibling  first flex_column_div  '     ><p>\n<style type=\"text\/css\" data-created_by=\"avia_inline_auto\" id=\"style-css-av-ljy4eszc-021348e78993f1385a62c54909e521ae\">\n#top .av-special-heading.av-ljy4eszc-021348e78993f1385a62c54909e521ae{\npadding-bottom:10px;\n}\nbody .av-special-heading.av-ljy4eszc-021348e78993f1385a62c54909e521ae .av-special-heading-tag .heading-char{\nfont-size:25px;\n}\n.av-special-heading.av-ljy4eszc-021348e78993f1385a62c54909e521ae .av-subheading{\nfont-size:15px;\n}\n<\/style>\n<div  class='av-special-heading av-ljy4eszc-021348e78993f1385a62c54909e521ae av-special-heading-h3 blockquote modern-quote  avia-builder-el-2  el_before_av_textblock  avia-builder-el-first '><h3 class='av-special-heading-tag '  itemprop=\"headline\"  >Cookie Policy<\/h3><div class=\"special-heading-border\"><div class=\"special-heading-inner-border\"><\/div><\/div><\/div><br \/>\n<section  class='av_textblock_section av-ljy4h17g-ad72f8bd971e054c74e37742a1a77d19 '   itemscope=\"itemscope\" itemtype=\"https:\/\/schema.org\/CreativeWork\" ><div class='avia_textblock'  itemprop=\"text\" ><div>\n<div>\n<p><em><strong>Cookie Policy of www.secondomona.it &#8211; .com<\/strong><\/em><\/p>\n<p>Cosa sono i cookie?<\/p>\n<p>I cookie sono costituiti da porzioni di codice installate nel browser che assistono il Titolare nell&#8217;erogazione del servizio secondo le finalit\u00e0 descritte. Alcune delle finalit\u00e0 per le quali i cookie vengono installati possono anche richiedere il consenso dell&#8217;Utente.<\/p>\n<p>Per ulteriori informazioni sui cookie, tra cui come capire quali cookie sono stati impostati sul vostro dispositivo e come gestirli ed eliminarli, potete accedere al seguente link:<i>www.allaboutcookiess.org<\/i>.<\/p>\n<p>Quali cookie utilizza questo sito?<\/p>\n<p><b>Cookie tecnici che non richiedono consenso<\/b><\/p>\n<p>I cookie tecnici sono utilizzati al solo fine di effettuare la trasmissione di una comunicazione su una rete di comunicazione elettronica o per trasmettere al fornitore informazioni strettamente necessarie a Secondo Mona S.p.A. per erogare un servizio esplicitamente richiesto dall&#8217;utente.<\/p>\n<p>Non vengono utilizzati per altri scopi e sono normalmente installati direttamente dal proprietario o dal gestore del sito web. I cookie tecnici possono essere divisi in:<\/p>\n<ul>\n<li><b>Cookie tecnici (detti anche di navigazione o di sessione)<\/b>: sono necessari per garantire la normale navigazione e fruizione del sito. In assenza di tali cookie, il sito o alcune sue parti potrebbero non funzionare correttamente; per questo motivo vengono sempre inviati dal nostro dominio. Pertanto, vengono utilizzati indipendentemente dalle preferenze espresse dall&#8217;utente.<\/li>\n<li><b>Cookie analitici<\/b>: questi cookie sono utilizzati per raccogliere informazioni a fini di analisi statistica, per migliorare il sito e semplificarne l&#8217;utilizzo, nonch\u00e9 per monitorarne il corretto funzionamento. Questo tipo di cookie raccoglie informazioni anonime sull&#8217;attivit\u00e0 degli utenti del sito e sul modo in cui sono arrivati al sito e alle pagine visitate. I cookie di questa categoria sono inviati dal Sito stesso o da domini di terze parti.<\/li>\n<li><b>Cookie di funzionalit\u00e0<\/b>: consentono all&#8217;utente di navigare in funzione di una serie di criteri selezionati (ad esempio, la lingua, i prodotti selezionati per l&#8217;acquisto, ecc.) al fine di migliorare il servizio offerto all&#8217;utente.<\/li>\n<li><b>Cookie di terze parti<\/b>: questi cookie vengono utilizzati per raccogliere informazioni sulle modalit\u00e0 di utilizzo del sito web da parte dei visitatori, sulle parole chiave utilizzate per raggiungere il sito, sui siti web visitati e sulle origini del traffico da cui provengono i visitatori per le campagne di marketing. Il Titolare pu\u00f2 utilizzare queste informazioni per compilare rapporti e migliorare il sito. Cookies veicolano informazioni anonime I cookie di questo tipo sono inviati dal sito stesso o da domini di terze parti.<\/li>\n<li><b>Cookie per l&#8217;integrazione di funzionalit\u00e0 di terze parti<\/b>: questo tipo di cookie viene utilizzato per integrare funzionalit\u00e0 di terze parti sul sito (ad esempio, moduli per i commenti o icone di social network che consentono ai visitatori di condividere i contenuti del sito). I cookie di questa categoria possono essere inviati dai domini dei siti partner o che comunque offrono le funzionalit\u00e0 presenti sul sito.<\/li>\n<\/ul>\n<p><b> <\/b><\/p>\n<p>Non tutti i cookie tecnici richiedono il consenso dell&#8217;utente ma solo l&#8217;obbligo di fornire informazioni, per cui vengono installati automaticamente quando si accede al sito, in quanto strettamente necessari per l&#8217;erogazione del servizio.<\/p>\n<p>Tutti i cookie diversi da quelli tecnici, come sopra indicato, sono installati o attivati solo con il vostro consenso, espresso alla prima visita del sito. Il consenso potr\u00e0 essere espresso dall&#8217;utente, nel rispetto della normativa vigente, attraverso specifiche configurazioni del browser e di programmi informatici o dispositivi di facile e chiara fruibilit\u00e0 per l&#8217;utente. Il Titolare del trattamento ricorda all&#8217;utente che \u00e8 possibile modificare le preferenze relative ai cookie in qualsiasi momento. \u00c8 inoltre possibile disabilitare i cookie dal proprio browser in qualsiasi momento, limitando determinate funzioni della pagina web.<\/p>\n<p>Siti web di terze parti<\/p>\n<p>Secondo Mona S.p.A. collabora con terze parti selezionate e controllate che possono installare cookie sul terminale dell&#8217;utente attraverso il sito web della societ\u00e0 (le cosiddette &#8220;terze parti&#8221;). Ci\u00f2 significa anche che i fornitori terzi di cookie sono obbligati a rispettare la normativa in materia. Per questo motivo, rimandiamo ai link presenti sulle pagine web del sito di terze parti, dove l&#8217;utente pu\u00f2 trovare i moduli per la raccolta del consenso ai cookie e le relative informazioni. Queste informative sulla privacy possono essere diverse da quelle adottate dal Titolare, che quindi non risponde dei siti di Terze Parti.<\/p>\n<p><a href=\"https:\/\/it.linkedin.com\/company\/secondo-mona-s.p.a\">https:\/\/it.linkedin.com\/company\/secondo-mona-s.p.a<\/a>.<\/p>\n<p><a href=\"https:\/\/www.youtube.com\/channel\/UCa3JDpJuD_aQjI7dbzh9rXA\">https:\/\/www.youtube.com\/channel\/UCa3JDpJuD_aQjI7dbzh9rXA<\/a><\/p>\n<p><a href=\"http:\/\/volandia.it\/\">http:\/\/volandia.it\/<\/a><\/p>\n<p>http:\/\/www.museoweb.it\/imprese\/secondo-mona-spa\/<\/p>\n<p>Ai sensi dell&#8217;art. 122, secondo comma, del D.Lgs. 196\/2003 e dall&#8217;art. 30 e dall&#8217;art. 7 del GDPR il consenso all&#8217;utilizzo di tali cookie \u00e8 espresso dall&#8217;interessato attraverso il settaggio individuale che ha liberamente scelto per il browser utilizzato per la navigazione del sito, fermo restando il diritto dell&#8217;utente di comunicare in qualsiasi momento al Titolare del trattamento la propria volont\u00e0 in merito ai dati gestiti tramite cookie.<\/p>\n<p>Come posso gestire l&#8217;installazione dei cookie?<\/p>\n<p>In aggiunta a quanto specificato nel presente documento, l&#8217;Utente pu\u00f2 gestire le preferenze relative ai Cookie direttamente dal proprio browser ed evitare, ad esempio, che terze parti possano installarli. Attraverso le preferenze del browser \u00e8 inoltre possibile cancellare i cookie installati in passato, compresi quelli che potrebbero aver salvato il consenso all&#8217;installazione di cookie da parte di questo sito web. \u00c8 importante notare che disabilitando tutti i cookie, il funzionamento di questo sito potrebbe essere compromesso. Gli utenti possono trovare informazioni su come gestire i cookie nel proprio browser ai seguenti indirizzi:<\/p>\n<p><a href=\"https:\/\/support.google.com\/chrome\/answer\/95647?hl=it&amp;p=cpn_cookies\" target=\"_blank\" rel=\"noopener\">Google Chrome<\/a> (<a href=\"https:\/\/support.google.com\/chrome\/answer\/95647?hl=it&amp;p=cpn_cookies\">https:\/\/support.google.com\/chrome\/answer\/95647?hl=it&amp;p=cpn_cookie<\/a>)<\/p>\n<p><a href=\"https:\/\/support.mozilla.org\/it\/kb\/Attivare%20e%20disattivare%20i%20cookie\" target=\"_blank\" rel=\"noopener\">Mozilla Firefox<\/a> (<a href=\"https:\/\/support.mozilla.org\/it\/kb\/Attivare%20e%20disattivare%20i%20cookie\">https:\/\/support.mozilla.org\/it\/kb\/Attivare%20e%20disattivare%20i%20cookie<\/a>)<\/p>\n<p><a href=\"https:\/\/support.apple.com\/kb\/PH19214?viewlocale=it_IT&amp;locale=en_US\" target=\"_blank\" rel=\"noopener\">Apple Safari<\/a> (<a href=\"https:\/\/support.apple.com\/kb\/PH19214?viewlocale=it_IT&amp;locale=en_US\">https:\/\/support.apple.com\/kb\/PH19214?viewlocale=it_IT&amp;locale=en_US<\/a>)<\/p>\n<p><a href=\"http:\/\/windows.microsoft.com\/it-it\/windows-vista\/block-or-allow-cookies\" target=\"_blank\" rel=\"noopener\">Microsoft Windows Explorer<\/a> (<a href=\"https:\/\/support.microsoft.com\/it-it\/help\/17442\/windows-internet-explorer-delete-manage-cookies\">https:\/\/support.microsoft.com\/it-it\/help\/17442\/windows-internet-explorer-delete-manage-cookie<\/a>).<\/p>\n<p>Durata dei cookie<\/p>\n<p>Alcuni cookie (cookie di sessione) rimangono attivi solo fino alla chiusura del browser o all&#8217;esecuzione del comando di logout. Altri cookie &#8220;sopravvivono&#8221; alla chiusura del browser e sono disponibili nelle visite successive dell&#8217;utente. Questi cookie sono detti persistenti e il server ne fissa la durata al momento della loro creazione. In alcuni casi viene fissata una scadenza, in altri la durata \u00e8 illimitata.<\/p>\n<h2>Modalit\u00e0 di trattamento dei dati personali<\/h2>\n<p>Il Titolare effettua il trattamento dei dati personali con strumenti automatizzati. Non \u00e8 consentita alcuna diffusione o comunicazione.<\/p>\n<h2>Data Controller<\/h2>\n<p>Secondo Mona S.p.A. with registered office in Via Carlo Del Prete, 1 \u2013 20119 Somma Lombarda (VA)<\/p>\n<h2>Diritti dell&#8217;interessato<\/h2>\n<p>Gli utenti hanno il diritto, in qualunque momento, di ottenere la conferma dell&#8217;esistenza o meno di tali dati e di conoscerne il contenuto e l&#8217;origine, verificarne l&#8217;esattezza o chiederne l&#8217;integrazione o l&#8217;aggiornamento, oppure la rettifica (artt. 15 e 16 del Regolamento UE 2016\/679, di seguito &#8220;il Regolamento&#8221;).<\/p>\n<p>Inoltre, gli interessati hanno il diritto di chiedere la cancellazione, la limitazione del trattamento e la portabilit\u00e0 dei dati, di proporre reclamo all&#8217;autorit\u00e0 di controllo e di opporsi in ogni caso, per motivi legittimi, al loro trattamento (art. 17 e ss. del Regolamento).<\/p>\n<p>Le relative richieste devono essere indirizzate a Secondo Mona S.p.A., al seguente indirizzo: <i>hr-secondomona@pec.weblink.it<\/i><\/p>\n<\/div>\n<\/div>\n<\/div><\/section><br \/>\n\n<style type=\"text\/css\" data-created_by=\"avia_inline_auto\" id=\"style-css-av-ljy4j746-441316f5b79ed1664a2731cdf7b401e1\">\n#top .av-special-heading.av-ljy4j746-441316f5b79ed1664a2731cdf7b401e1{\npadding-bottom:10px;\n}\nbody .av-special-heading.av-ljy4j746-441316f5b79ed1664a2731cdf7b401e1 .av-special-heading-tag .heading-char{\nfont-size:25px;\n}\n.av-special-heading.av-ljy4j746-441316f5b79ed1664a2731cdf7b401e1 .av-subheading{\nfont-size:15px;\n}\n<\/style>\n<div  class='av-special-heading av-ljy4j746-441316f5b79ed1664a2731cdf7b401e1 av-special-heading-h3 blockquote modern-quote  avia-builder-el-4  el_after_av_textblock  el_before_av_textblock '><h3 class='av-special-heading-tag '  itemprop=\"headline\"  >Cookie Report<\/h3><div class=\"special-heading-border\"><div class=\"special-heading-inner-border\"><\/div><\/div><\/div><br \/>\n<section  class='av_textblock_section av-ljy4egb5-014b87dbead3afff8a6bbb55a5c090bf '   itemscope=\"itemscope\" itemtype=\"https:\/\/schema.org\/CreativeWork\" ><div class='avia_textblock'  itemprop=\"text\" ><p><script type=\"text\/javascript\" charset=\"UTF-8\" data-cookiescriptreport=\"report\" src=\"\/\/report.cookie-script.com\/r\/7664f3346f06db3191c2eab053a328e2.js\"><\/script><\/p>\n<\/div><\/section><\/p><\/div><\/div><\/div><\/main><!-- close content main element --><\/div><\/div><div id='after_section_1'  class='main_color av_default_container_wrap container_wrap sidebar_right'  ><div class='container av-section-cont-open' ><div class='template-page content  av-content-small alpha units'><div class='post-entry post-entry-type-page post-entry-6025'><div class='entry-content-wrapper clearfix'>\n","protected":false},"excerpt":{"rendered":"","protected":false},"author":1,"featured_media":0,"parent":0,"menu_order":0,"comment_status":"closed","ping_status":"closed","template":"","meta":{"inline_featured_image":false,"footnotes":""},"class_list":["post-6025","page","type-page","status-publish","hentry"],"yoast_head":"<!-- This site is optimized with the Yoast SEO plugin v27.3 - https:\/\/yoast.com\/product\/yoast-seo-wordpress\/ -->\n<title>Informativa sui Cookie - Secondo Mona<\/title>\n<meta name=\"robots\" content=\"index, follow, max-snippet:-1, max-image-preview:large, max-video-preview:-1\" \/>\n<link rel=\"canonical\" href=\"https:\/\/www.secondomona.com\/it\/informativa-sui-cookie\/\" \/>\n<meta property=\"og:locale\" content=\"it_IT\" \/>\n<meta property=\"og:type\" content=\"article\" \/>\n<meta property=\"og:title\" content=\"Informativa sui Cookie - Secondo Mona\" \/>\n<meta property=\"og:url\" content=\"https:\/\/www.secondomona.com\/it\/informativa-sui-cookie\/\" \/>\n<meta property=\"og:site_name\" content=\"Secondo Mona\" \/>\n<meta property=\"article:modified_time\" content=\"2024-01-11T11:44:07+00:00\" \/>\n<meta name=\"twitter:card\" content=\"summary_large_image\" \/>\n<meta name=\"twitter:label1\" content=\"Tempo di lettura stimato\" \/>\n\t<meta name=\"twitter:data1\" content=\"11 minuti\" \/>\n<script type=\"application\/ld+json\" class=\"yoast-schema-graph\">{\"@context\":\"https:\\\/\\\/schema.org\",\"@graph\":[{\"@type\":\"WebPage\",\"@id\":\"https:\\\/\\\/www.secondomona.com\\\/it\\\/informativa-sui-cookie\\\/\",\"url\":\"https:\\\/\\\/www.secondomona.com\\\/it\\\/informativa-sui-cookie\\\/\",\"name\":\"Informativa sui Cookie - Secondo Mona\",\"isPartOf\":{\"@id\":\"https:\\\/\\\/www.secondomona.com\\\/#website\"},\"datePublished\":\"2023-07-11T10:03:02+00:00\",\"dateModified\":\"2024-01-11T11:44:07+00:00\",\"breadcrumb\":{\"@id\":\"https:\\\/\\\/www.secondomona.com\\\/it\\\/informativa-sui-cookie\\\/#breadcrumb\"},\"inLanguage\":\"it-IT\",\"potentialAction\":[{\"@type\":\"ReadAction\",\"target\":[\"https:\\\/\\\/www.secondomona.com\\\/it\\\/informativa-sui-cookie\\\/\"]}]},{\"@type\":\"BreadcrumbList\",\"@id\":\"https:\\\/\\\/www.secondomona.com\\\/it\\\/informativa-sui-cookie\\\/#breadcrumb\",\"itemListElement\":[{\"@type\":\"ListItem\",\"position\":1,\"name\":\"Home\",\"item\":\"https:\\\/\\\/www.secondomona.com\\\/it\\\/secondo-mona-s-p-a-il-tuo-partner-affidabile-nei-programmi-aeronautici\\\/\"},{\"@type\":\"ListItem\",\"position\":2,\"name\":\"Informativa sui Cookie\"}]},{\"@type\":\"WebSite\",\"@id\":\"https:\\\/\\\/www.secondomona.com\\\/#website\",\"url\":\"https:\\\/\\\/www.secondomona.com\\\/\",\"name\":\"Secondo Mona S.p.A.\",\"description\":\"\",\"publisher\":{\"@id\":\"https:\\\/\\\/www.secondomona.com\\\/#organization\"},\"potentialAction\":[{\"@type\":\"SearchAction\",\"target\":{\"@type\":\"EntryPoint\",\"urlTemplate\":\"https:\\\/\\\/www.secondomona.com\\\/?s={search_term_string}\"},\"query-input\":{\"@type\":\"PropertyValueSpecification\",\"valueRequired\":true,\"valueName\":\"search_term_string\"}}],\"inLanguage\":\"it-IT\"},{\"@type\":\"Organization\",\"@id\":\"https:\\\/\\\/www.secondomona.com\\\/#organization\",\"name\":\"Secondo Mona S.p.A.\",\"url\":\"https:\\\/\\\/www.secondomona.com\\\/\",\"logo\":{\"@type\":\"ImageObject\",\"inLanguage\":\"it-IT\",\"@id\":\"https:\\\/\\\/www.secondomona.com\\\/#\\\/schema\\\/logo\\\/image\\\/\",\"url\":\"\",\"contentUrl\":\"\",\"caption\":\"Secondo Mona S.p.A.\"},\"image\":{\"@id\":\"https:\\\/\\\/www.secondomona.com\\\/#\\\/schema\\\/logo\\\/image\\\/\"},\"sameAs\":[\"https:\\\/\\\/it.linkedin.com\\\/company\\\/secondo-mona-s.p.a.\",\"https:\\\/\\\/www.youtube.com\\\/channel\\\/UCa3JDpJuD_aQjI7dbzh9rXA\"]}]}<\/script>\n<!-- \/ Yoast SEO plugin. -->","yoast_head_json":{"title":"Informativa sui Cookie - Secondo Mona","robots":{"index":"index","follow":"follow","max-snippet":"max-snippet:-1","max-image-preview":"max-image-preview:large","max-video-preview":"max-video-preview:-1"},"canonical":"https:\/\/www.secondomona.com\/it\/informativa-sui-cookie\/","og_locale":"it_IT","og_type":"article","og_title":"Informativa sui Cookie - Secondo Mona","og_url":"https:\/\/www.secondomona.com\/it\/informativa-sui-cookie\/","og_site_name":"Secondo Mona","article_modified_time":"2024-01-11T11:44:07+00:00","twitter_card":"summary_large_image","twitter_misc":{"Tempo di lettura stimato":"11 minuti"},"schema":{"@context":"https:\/\/schema.org","@graph":[{"@type":"WebPage","@id":"https:\/\/www.secondomona.com\/it\/informativa-sui-cookie\/","url":"https:\/\/www.secondomona.com\/it\/informativa-sui-cookie\/","name":"Informativa sui Cookie - Secondo Mona","isPartOf":{"@id":"https:\/\/www.secondomona.com\/#website"},"datePublished":"2023-07-11T10:03:02+00:00","dateModified":"2024-01-11T11:44:07+00:00","breadcrumb":{"@id":"https:\/\/www.secondomona.com\/it\/informativa-sui-cookie\/#breadcrumb"},"inLanguage":"it-IT","potentialAction":[{"@type":"ReadAction","target":["https:\/\/www.secondomona.com\/it\/informativa-sui-cookie\/"]}]},{"@type":"BreadcrumbList","@id":"https:\/\/www.secondomona.com\/it\/informativa-sui-cookie\/#breadcrumb","itemListElement":[{"@type":"ListItem","position":1,"name":"Home","item":"https:\/\/www.secondomona.com\/it\/secondo-mona-s-p-a-il-tuo-partner-affidabile-nei-programmi-aeronautici\/"},{"@type":"ListItem","position":2,"name":"Informativa sui Cookie"}]},{"@type":"WebSite","@id":"https:\/\/www.secondomona.com\/#website","url":"https:\/\/www.secondomona.com\/","name":"Secondo Mona S.p.A.","description":"","publisher":{"@id":"https:\/\/www.secondomona.com\/#organization"},"potentialAction":[{"@type":"SearchAction","target":{"@type":"EntryPoint","urlTemplate":"https:\/\/www.secondomona.com\/?s={search_term_string}"},"query-input":{"@type":"PropertyValueSpecification","valueRequired":true,"valueName":"search_term_string"}}],"inLanguage":"it-IT"},{"@type":"Organization","@id":"https:\/\/www.secondomona.com\/#organization","name":"Secondo Mona S.p.A.","url":"https:\/\/www.secondomona.com\/","logo":{"@type":"ImageObject","inLanguage":"it-IT","@id":"https:\/\/www.secondomona.com\/#\/schema\/logo\/image\/","url":"","contentUrl":"","caption":"Secondo Mona S.p.A."},"image":{"@id":"https:\/\/www.secondomona.com\/#\/schema\/logo\/image\/"},"sameAs":["https:\/\/it.linkedin.com\/company\/secondo-mona-s.p.a.","https:\/\/www.youtube.com\/channel\/UCa3JDpJuD_aQjI7dbzh9rXA"]}]}},"_links":{"self":[{"href":"https:\/\/www.secondomona.com\/it\/wp-json\/wp\/v2\/pages\/6025","targetHints":{"allow":["GET"]}}],"collection":[{"href":"https:\/\/www.secondomona.com\/it\/wp-json\/wp\/v2\/pages"}],"about":[{"href":"https:\/\/www.secondomona.com\/it\/wp-json\/wp\/v2\/types\/page"}],"author":[{"embeddable":true,"href":"https:\/\/www.secondomona.com\/it\/wp-json\/wp\/v2\/users\/1"}],"replies":[{"embeddable":true,"href":"https:\/\/www.secondomona.com\/it\/wp-json\/wp\/v2\/comments?post=6025"}],"version-history":[{"count":2,"href":"https:\/\/www.secondomona.com\/it\/wp-json\/wp\/v2\/pages\/6025\/revisions"}],"predecessor-version":[{"id":6027,"href":"https:\/\/www.secondomona.com\/it\/wp-json\/wp\/v2\/pages\/6025\/revisions\/6027"}],"wp:attachment":[{"href":"https:\/\/www.secondomona.com\/it\/wp-json\/wp\/v2\/media?parent=6025"}],"curies":[{"name":"wp","href":"https:\/\/api.w.org\/{rel}","templated":true}]}}